
{"id":145,"date":"2020-08-27T11:35:49","date_gmt":"2020-08-27T11:35:49","guid":{"rendered":"https:\/\/www.verdiundrock.de\/?page_id=145"},"modified":"2021-06-25T08:27:21","modified_gmt":"2021-06-25T08:27:21","slug":"zuechten-im-verein","status":"publish","type":"page","link":"https:\/\/www.verdiundrock.de\/?page_id=145","title":{"rendered":"Z\u00fcchten im Verein"},"content":{"rendered":"\n<p>An Hundezucht werden heute h\u00f6chste Anspr\u00fcche gestellt. Deshalb z\u00fcchte ich mit der Unterst\u00fctzung und nach den Regeln und Vorgaben des \u00e4ltesten zuchtbuchf\u00fchrenden und einzigen international anerkannten Zuchtvereins f\u00fcr Havaneser in Deutschland. Ich bin Mitglied im <\/p>\n\n\n\n<div class=\"wp-block-image is-style-default\"><figure class=\"alignleft size-large is-resized\"><img decoding=\"async\" src=\"http:\/\/verdiundrock.de\/wp-content\/uploads\/2020\/08\/image.jpeg\" alt=\"Verband Deutscher Kleinhundez\u00fcchter e.V. - German Toy Association\" class=\"wp-image-36\" width=\"205\" height=\"115\" srcset=\"https:\/\/www.verdiundrock.de\/wp-content\/uploads\/2020\/08\/image.jpeg 300w, https:\/\/www.verdiundrock.de\/wp-content\/uploads\/2020\/08\/image-107x60.jpeg 107w\" sizes=\"(max-width: 205px) 100vw, 205px\" \/><\/figure><\/div>\n\n\n\n<p><strong>Verband deutscher Kleinhundez\u00fcchter e.V.<\/strong><br><a href=\"http:\/\/www.kleinhunde.de\">www.kleinhunde.de<\/a><\/p>\n\n\n\n<p><\/p>\n\n\n\n<p><br>und damit im deutschen Dachverband<\/p>\n\n\n\n<div class=\"wp-block-media-text alignwide is-stacked-on-mobile\" style=\"grid-template-columns:33% auto\"><figure class=\"wp-block-media-text__media\"><img decoding=\"async\" src=\"https:\/\/www.vdh.de\/fileadmin\/templates\/ext\/news\/Resources\/Public\/Images\/dummy-preview-image.png\" alt=\"\"\/><\/figure><div class=\"wp-block-media-text__content\">\n<p><strong>Verband f\u00fcr das Deutsche Hundewesen (VDH) e.V.<\/strong><br><a href=\"http:\/\/www.vdh.de\/\">www.vdh.de<\/a><\/p>\n<\/div><\/div>\n\n\n\n<p>und in der internationalen Dachorganisation<\/p>\n\n\n\n<div class=\"wp-block-image is-style-default\"><figure class=\"alignleft size-large is-resized\"><img decoding=\"async\" src=\"http:\/\/verdiundrock.de\/wp-content\/uploads\/2020\/08\/image.png\" alt=\"Datei:FCI Logo.svg \u2013 Wikipedia\" class=\"wp-image-37\" width=\"201\" height=\"201\" srcset=\"https:\/\/www.verdiundrock.de\/wp-content\/uploads\/2020\/08\/image.png 225w, https:\/\/www.verdiundrock.de\/wp-content\/uploads\/2020\/08\/image-150x150.png 150w, https:\/\/www.verdiundrock.de\/wp-content\/uploads\/2020\/08\/image-60x60.png 60w\" sizes=\"(max-width: 201px) 100vw, 201px\" \/><\/figure><\/div>\n\n\n\n<p><strong>F\u00e9d\u00e9ration Cynologique Internationale<\/strong><br><a href=\"http:\/\/www.fci.be\/de\/Prasentation-unserer-Organisation-4.html\">www.fci.be<\/a><\/p>\n","protected":false},"excerpt":{"rendered":"<p>An Hundezucht werden heute h\u00f6chste Anspr\u00fcche gestellt. Deshalb z\u00fcchte ich mit der Unterst\u00fctzung und nach den Regeln und Vorgaben des<\/p>\n<div class=\"read-button read_more_btn_text\"><a class=\"read_more\" href=\"https:\/\/www.verdiundrock.de\/?page_id=145\">Read Now<span class=\"arrow_readm\"> &#x25BA;<\/span><\/a><\/div>\n","protected":false},"author":1,"featured_media":0,"parent":0,"menu_order":0,"comment_status":"closed","ping_status":"closed","template":"","meta":{"footnotes":""},"class_list":["post-145","page","type-page","status-publish","hentry"],"_links":{"self":[{"href":"https:\/\/www.verdiundrock.de\/index.php?rest_route=\/wp\/v2\/pages\/145","targetHints":{"allow":["GET"]}}],"collection":[{"href":"https:\/\/www.verdiundrock.de\/index.php?rest_route=\/wp\/v2\/pages"}],"about":[{"href":"https:\/\/www.verdiundrock.de\/index.php?rest_route=\/wp\/v2\/types\/page"}],"author":[{"embeddable":true,"href":"https:\/\/www.verdiundrock.de\/index.php?rest_route=\/wp\/v2\/users\/1"}],"replies":[{"embeddable":true,"href":"https:\/\/www.verdiundrock.de\/index.php?rest_route=%2Fwp%2Fv2%2Fcomments&post=145"}],"version-history":[{"count":3,"href":"https:\/\/www.verdiundrock.de\/index.php?rest_route=\/wp\/v2\/pages\/145\/revisions"}],"predecessor-version":[{"id":282,"href":"https:\/\/www.verdiundrock.de\/index.php?rest_route=\/wp\/v2\/pages\/145\/revisions\/282"}],"wp:attachment":[{"href":"https:\/\/www.verdiundrock.de\/index.php?rest_route=%2Fwp%2Fv2%2Fmedia&parent=145"}],"curies":[{"name":"wp","href":"https:\/\/api.w.org\/{rel}","templated":true}]}}